{"id":61,"date":"2020-03-09T16:07:18","date_gmt":"2020-03-09T15:07:18","guid":{"rendered":"https:\/\/kvh.wijmakenerietsmooisvoor.nl\/?page_id=61"},"modified":"2023-08-21T08:53:50","modified_gmt":"2023-08-21T06:53:50","slug":"kontakt","status":"publish","type":"page","link":"https:\/\/www.kvh.nl\/de\/kontakt\/","title":{"rendered":"Kontakt"},"content":{"rendered":"<h2 class=\"wp-block-heading\">Kontakt<\/h2>\n\n\n\n<p>Kolkman Verpakkingen Hedel ist Spezialist f\u00fcr ma\u00dfgeschneiderte Verpackungen aus PS, PET, rPET, PP und PLA f\u00fcr unterschiedliche Branchen. Wir sind stark ausgerichtet auf die Lebensmittelindustrie, haben aber viel mehr zu bieten. Auch an Unternehmen im Non-Food-Bereich liefern wir perfekte Verpackungsl\u00f6sungen. Von der Entwurfsphase bis zur Endverpackung Ihres Produktes im Ladenregal. M\u00f6chten Sie sich pers\u00f6nlich von unserem Service und unserer Kompetenz \u00fcberzeugen? Wenn Sie weitere Fragen haben oder weitere Informationen w\u00fcnschen, kontaktieren Sie uns bitte! Wir helfen Ihnen gerne weiter.<\/p>\n\n\n\n<p><strong>Kolkman Verpakkingen Hedel<\/strong><br>Architronlaan 3<br>5321 JJ Hedel NL<br>tel +31 (0) 73 5992255<\/p>\n\n\n\n<p>E-mail: <a href=\"mailto:info@kvh.nl\">info@kvh.nl<\/a><\/p>","protected":false},"excerpt":{"rendered":"<p>Bitte kontaktieren Sie uns f\u00fcr weitere Informationen.<\/p>","protected":false},"author":4,"featured_media":402,"parent":0,"menu_order":0,"comment_status":"closed","ping_status":"closed","template":"","meta":{"_acf_changed":false,"_genesis_hide_title":true,"_genesis_hide_breadcrumbs":false,"_genesis_hide_singular_image":false,"_genesis_hide_footer_widgets":false,"_genesis_custom_body_class":"","_genesis_custom_post_class":"","_genesis_layout":"","footnotes":""},"class_list":{"0":"post-61","1":"page","2":"type-page","3":"status-publish","4":"has-post-thumbnail","6":"entry"},"acf":[],"yoast_head":"<!-- This site is optimized with the Yoast SEO plugin v26.7 - https:\/\/yoast.com\/wordpress\/plugins\/seo\/ -->\n<title>U heeft een verpakking vraagstuk? Neem contact met ons op!<\/title>\n<meta name=\"description\" content=\"Familiebedrijf Kolkman Verpakkingen Hedel is d\u00e9 verpakkingsspecialist wanneer het om rPET verpakkingen gaat. Meer informatie? Neem contact op!\" \/>\n<meta name=\"robots\" content=\"index, follow, max-snippet:-1, max-image-preview:large, max-video-preview:-1\" \/>\n<link rel=\"canonical\" href=\"https:\/\/www.kvh.nl\/de\/kontakt\/\" \/>\n<meta property=\"og:locale\" content=\"de_DE\" \/>\n<meta property=\"og:type\" content=\"article\" \/>\n<meta property=\"og:title\" content=\"U heeft een verpakking vraagstuk? Neem contact met ons op!\" \/>\n<meta property=\"og:description\" content=\"Familiebedrijf Kolkman Verpakkingen Hedel is d\u00e9 verpakkingsspecialist wanneer het om rPET verpakkingen gaat. Meer informatie? Neem contact op!\" \/>\n<meta property=\"og:url\" content=\"https:\/\/www.kvh.nl\/de\/kontakt\/\" \/>\n<meta property=\"og:site_name\" content=\"Kolkman Verpakkingen Hedel\" \/>\n<meta property=\"article:modified_time\" content=\"2023-08-21T06:53:50+00:00\" \/>\n<meta property=\"og:image\" content=\"https:\/\/www.kvh.nl\/wp-content\/uploads\/2021\/07\/6F1A7970.jpg\" \/>\n\t<meta property=\"og:image:width\" content=\"2440\" \/>\n\t<meta property=\"og:image:height\" content=\"1373\" \/>\n\t<meta property=\"og:image:type\" content=\"image\/jpeg\" \/>\n<meta name=\"twitter:card\" content=\"summary_large_image\" \/>\n<meta name=\"twitter:label1\" content=\"Gesch\u00e4tzte Lesezeit\" \/>\n\t<meta name=\"twitter:data1\" content=\"1\u00a0Minute\" \/>\n<script type=\"application\/ld+json\" class=\"yoast-schema-graph\">{\"@context\":\"https:\/\/schema.org\",\"@graph\":[{\"@type\":\"WebPage\",\"@id\":\"https:\/\/www.kvh.nl\/contact\/\",\"url\":\"https:\/\/www.kvh.nl\/contact\/\",\"name\":\"U heeft een verpakking vraagstuk? Neem contact met ons op!\",\"isPartOf\":{\"@id\":\"https:\/\/www.kvh.nl\/#website\"},\"primaryImageOfPage\":{\"@id\":\"https:\/\/www.kvh.nl\/contact\/#primaryimage\"},\"image\":{\"@id\":\"https:\/\/www.kvh.nl\/contact\/#primaryimage\"},\"thumbnailUrl\":\"https:\/\/www.kvh.nl\/wp-content\/uploads\/2021\/07\/6F1A7970.jpg\",\"datePublished\":\"2020-03-09T15:07:18+00:00\",\"dateModified\":\"2023-08-21T06:53:50+00:00\",\"description\":\"Familiebedrijf Kolkman Verpakkingen Hedel is d\u00e9 verpakkingsspecialist wanneer het om rPET verpakkingen gaat. Meer informatie? Neem contact op!\",\"breadcrumb\":{\"@id\":\"https:\/\/www.kvh.nl\/contact\/#breadcrumb\"},\"inLanguage\":\"de\",\"potentialAction\":[{\"@type\":\"ReadAction\",\"target\":[\"https:\/\/www.kvh.nl\/contact\/\"]}]},{\"@type\":\"ImageObject\",\"inLanguage\":\"de\",\"@id\":\"https:\/\/www.kvh.nl\/contact\/#primaryimage\",\"url\":\"https:\/\/www.kvh.nl\/wp-content\/uploads\/2021\/07\/6F1A7970.jpg\",\"contentUrl\":\"https:\/\/www.kvh.nl\/wp-content\/uploads\/2021\/07\/6F1A7970.jpg\",\"width\":2440,\"height\":1373},{\"@type\":\"BreadcrumbList\",\"@id\":\"https:\/\/www.kvh.nl\/contact\/#breadcrumb\",\"itemListElement\":[{\"@type\":\"ListItem\",\"position\":1,\"name\":\"Home\",\"item\":\"https:\/\/www.kvh.nl\/\"},{\"@type\":\"ListItem\",\"position\":2,\"name\":\"Contact\"}]},{\"@type\":\"WebSite\",\"@id\":\"https:\/\/www.kvh.nl\/#website\",\"url\":\"https:\/\/www.kvh.nl\/\",\"name\":\"Kolkman Verpakkingen Hedel\",\"description\":\"\",\"publisher\":{\"@id\":\"https:\/\/www.kvh.nl\/#organization\"},\"potentialAction\":[{\"@type\":\"SearchAction\",\"target\":{\"@type\":\"EntryPoint\",\"urlTemplate\":\"https:\/\/www.kvh.nl\/?s={search_term_string}\"},\"query-input\":{\"@type\":\"PropertyValueSpecification\",\"valueRequired\":true,\"valueName\":\"search_term_string\"}}],\"inLanguage\":\"de\"},{\"@type\":\"Organization\",\"@id\":\"https:\/\/www.kvh.nl\/#organization\",\"name\":\"Kolkman Verpakkingen Hedel\",\"url\":\"https:\/\/www.kvh.nl\/\",\"logo\":{\"@type\":\"ImageObject\",\"inLanguage\":\"de\",\"@id\":\"https:\/\/www.kvh.nl\/#\/schema\/logo\/image\/\",\"url\":\"https:\/\/www.kvh.nl\/wp-content\/uploads\/2020\/03\/logo-kvh.png\",\"contentUrl\":\"https:\/\/www.kvh.nl\/wp-content\/uploads\/2020\/03\/logo-kvh.png\",\"width\":272,\"height\":80,\"caption\":\"Kolkman Verpakkingen Hedel\"},\"image\":{\"@id\":\"https:\/\/www.kvh.nl\/#\/schema\/logo\/image\/\"}}]}<\/script>\n<!-- \/ Yoast SEO plugin. -->","yoast_head_json":{"title":"U heeft een verpakking vraagstuk? Neem contact met ons op!","description":"Familiebedrijf Kolkman Verpakkingen Hedel is d\u00e9 verpakkingsspecialist wanneer het om rPET verpakkingen gaat. Meer informatie? Neem contact op!","robots":{"index":"index","follow":"follow","max-snippet":"max-snippet:-1","max-image-preview":"max-image-preview:large","max-video-preview":"max-video-preview:-1"},"canonical":"https:\/\/www.kvh.nl\/de\/kontakt\/","og_locale":"de_DE","og_type":"article","og_title":"U heeft een verpakking vraagstuk? Neem contact met ons op!","og_description":"Familiebedrijf Kolkman Verpakkingen Hedel is d\u00e9 verpakkingsspecialist wanneer het om rPET verpakkingen gaat. Meer informatie? Neem contact op!","og_url":"https:\/\/www.kvh.nl\/de\/kontakt\/","og_site_name":"Kolkman Verpakkingen Hedel","article_modified_time":"2023-08-21T06:53:50+00:00","og_image":[{"width":2440,"height":1373,"url":"https:\/\/www.kvh.nl\/wp-content\/uploads\/2021\/07\/6F1A7970.jpg","type":"image\/jpeg"}],"twitter_card":"summary_large_image","twitter_misc":{"Gesch\u00e4tzte Lesezeit":"1\u00a0Minute"},"schema":{"@context":"https:\/\/schema.org","@graph":[{"@type":"WebPage","@id":"https:\/\/www.kvh.nl\/contact\/","url":"https:\/\/www.kvh.nl\/contact\/","name":"U heeft een verpakking vraagstuk? Neem contact met ons op!","isPartOf":{"@id":"https:\/\/www.kvh.nl\/#website"},"primaryImageOfPage":{"@id":"https:\/\/www.kvh.nl\/contact\/#primaryimage"},"image":{"@id":"https:\/\/www.kvh.nl\/contact\/#primaryimage"},"thumbnailUrl":"https:\/\/www.kvh.nl\/wp-content\/uploads\/2021\/07\/6F1A7970.jpg","datePublished":"2020-03-09T15:07:18+00:00","dateModified":"2023-08-21T06:53:50+00:00","description":"Familiebedrijf Kolkman Verpakkingen Hedel is d\u00e9 verpakkingsspecialist wanneer het om rPET verpakkingen gaat. Meer informatie? Neem contact op!","breadcrumb":{"@id":"https:\/\/www.kvh.nl\/contact\/#breadcrumb"},"inLanguage":"de","potentialAction":[{"@type":"ReadAction","target":["https:\/\/www.kvh.nl\/contact\/"]}]},{"@type":"ImageObject","inLanguage":"de","@id":"https:\/\/www.kvh.nl\/contact\/#primaryimage","url":"https:\/\/www.kvh.nl\/wp-content\/uploads\/2021\/07\/6F1A7970.jpg","contentUrl":"https:\/\/www.kvh.nl\/wp-content\/uploads\/2021\/07\/6F1A7970.jpg","width":2440,"height":1373},{"@type":"BreadcrumbList","@id":"https:\/\/www.kvh.nl\/contact\/#breadcrumb","itemListElement":[{"@type":"ListItem","position":1,"name":"Home","item":"https:\/\/www.kvh.nl\/"},{"@type":"ListItem","position":2,"name":"Contact"}]},{"@type":"WebSite","@id":"https:\/\/www.kvh.nl\/#website","url":"https:\/\/www.kvh.nl\/","name":"Kolkman Verpakkingen Hedel","description":"","publisher":{"@id":"https:\/\/www.kvh.nl\/#organization"},"potentialAction":[{"@type":"SearchAction","target":{"@type":"EntryPoint","urlTemplate":"https:\/\/www.kvh.nl\/?s={search_term_string}"},"query-input":{"@type":"PropertyValueSpecification","valueRequired":true,"valueName":"search_term_string"}}],"inLanguage":"de"},{"@type":"Organization","@id":"https:\/\/www.kvh.nl\/#organization","name":"Kolkman Verpakkingen Hedel","url":"https:\/\/www.kvh.nl\/","logo":{"@type":"ImageObject","inLanguage":"de","@id":"https:\/\/www.kvh.nl\/#\/schema\/logo\/image\/","url":"https:\/\/www.kvh.nl\/wp-content\/uploads\/2020\/03\/logo-kvh.png","contentUrl":"https:\/\/www.kvh.nl\/wp-content\/uploads\/2020\/03\/logo-kvh.png","width":272,"height":80,"caption":"Kolkman Verpakkingen Hedel"},"image":{"@id":"https:\/\/www.kvh.nl\/#\/schema\/logo\/image\/"}}]}},"_links":{"self":[{"href":"https:\/\/www.kvh.nl\/de\/wp-json\/wp\/v2\/pages\/61","targetHints":{"allow":["GET"]}}],"collection":[{"href":"https:\/\/www.kvh.nl\/de\/wp-json\/wp\/v2\/pages"}],"about":[{"href":"https:\/\/www.kvh.nl\/de\/wp-json\/wp\/v2\/types\/page"}],"author":[{"embeddable":true,"href":"https:\/\/www.kvh.nl\/de\/wp-json\/wp\/v2\/users\/4"}],"replies":[{"embeddable":true,"href":"https:\/\/www.kvh.nl\/de\/wp-json\/wp\/v2\/comments?post=61"}],"version-history":[{"count":4,"href":"https:\/\/www.kvh.nl\/de\/wp-json\/wp\/v2\/pages\/61\/revisions"}],"predecessor-version":[{"id":721,"href":"https:\/\/www.kvh.nl\/de\/wp-json\/wp\/v2\/pages\/61\/revisions\/721"}],"wp:featuredmedia":[{"embeddable":true,"href":"https:\/\/www.kvh.nl\/de\/wp-json\/wp\/v2\/media\/402"}],"wp:attachment":[{"href":"https:\/\/www.kvh.nl\/de\/wp-json\/wp\/v2\/media?parent=61"}],"curies":[{"name":"wp","href":"https:\/\/api.w.org\/{rel}","templated":true}]}}