{"id":57,"date":"2020-03-09T16:06:38","date_gmt":"2020-03-09T15:06:38","guid":{"rendered":"https:\/\/kvh.wijmakenerietsmooisvoor.nl\/?page_id=57"},"modified":"2023-08-21T08:52:40","modified_gmt":"2023-08-21T06:52:40","slug":"uber-kvh","status":"publish","type":"page","link":"https:\/\/www.kvh.nl\/de\/uber-kvh\/","title":{"rendered":"\u00dcber KVH"},"content":{"rendered":"<div class=\"wp-block-group\"><div class=\"wp-block-group__inner-container is-layout-flow wp-block-group-is-layout-flow\">\n<p class=\"content-intro\"><strong>Kolkman Verpakkingen Hedel bietet seit rund 40 Jahren hochwertige Verpackungsl\u00f6sungen. Technologische Entwicklungen, Konjunkturschwankungen in der Wirtschaft und die immer gr\u00f6\u00dfer werdenden Entfernungen zwischen unseren Gesch\u00e4ftspartnern erfordern zeitgem\u00e4\u00dfe und flexible Verpackungsl\u00f6sungen.<\/strong><\/p>\n\n\n\n<h2 class=\"wp-block-heading\">Viele Verpackungen, eine Adresse<\/h2>\n\n\n\n<p>Unsere Mission ist es, weltweit Kunden aus den unterschiedlichsten Industriebranchen mit intelligenten, innovativen und kosteneffizienten L\u00f6sungen ganz nach Bedarf zu beliefern.<\/p>\n\n\n\n<p>Die Bedingungen, unter denen Ihre wertvollen Produkte geliefert werden m\u00fcssen, \u00e4ndern sich st\u00e4ndig. Da wir immer mit dem Kunden mitdenken, k\u00f6nnen wir f\u00fcr jedes Projekt eine passende L\u00f6sung bieten. Ma\u00dfarbeit ist dabei unerl\u00e4sslich.<\/p>\n\n\n\n<p><\/p>\n<\/div><\/div>\n\n\n\n<div class=\"wp-block-buttons is-layout-flex wp-block-buttons-is-layout-flex\">\n<div class=\"wp-block-button button-rood\"><a class=\"wp-block-button__link wp-element-button\" href=\"https:\/\/www.kvh.nl\/de\/geschichte\/\">Geschichte<\/a><\/div>\n<\/div>","protected":false},"excerpt":{"rendered":"<p>Kolkman Verpakkingen Hedel voorziet al zo&#8217;n 40 jaar in hoogwaardige verpakkingsoplossingen. <\/p>","protected":false},"author":4,"featured_media":420,"parent":0,"menu_order":0,"comment_status":"closed","ping_status":"closed","template":"","meta":{"_acf_changed":false,"_genesis_hide_title":true,"_genesis_hide_breadcrumbs":false,"_genesis_hide_singular_image":false,"_genesis_hide_footer_widgets":false,"_genesis_custom_body_class":"","_genesis_custom_post_class":"","_genesis_layout":"","footnotes":""},"class_list":{"0":"post-57","1":"page","2":"type-page","3":"status-publish","4":"has-post-thumbnail","6":"entry"},"acf":[],"yoast_head":"<!-- This site is optimized with the Yoast SEO plugin v26.7 - https:\/\/yoast.com\/wordpress\/plugins\/seo\/ -->\n<title>Kolkman Verpakkingen Hedel Hedel: 40 jaar verpakkingsspecialist<\/title>\n<meta name=\"description\" content=\"Kolkman Verpakkingen Hedel voorziet al zo&#039;n 40 jaar in hoogwaardige passende verpakkingsoplossingen. Maatwerk is daarin essentieel.\" \/>\n<meta name=\"robots\" content=\"index, follow, max-snippet:-1, max-image-preview:large, max-video-preview:-1\" \/>\n<link rel=\"canonical\" href=\"https:\/\/www.kvh.nl\/de\/uber-kvh\/\" \/>\n<meta property=\"og:locale\" content=\"de_DE\" \/>\n<meta property=\"og:type\" content=\"article\" \/>\n<meta property=\"og:title\" content=\"Kolkman Verpakkingen Hedel Hedel: 40 jaar verpakkingsspecialist\" \/>\n<meta property=\"og:description\" content=\"Kolkman Verpakkingen Hedel voorziet al zo&#039;n 40 jaar in hoogwaardige passende verpakkingsoplossingen. Maatwerk is daarin essentieel.\" \/>\n<meta property=\"og:url\" content=\"https:\/\/www.kvh.nl\/de\/uber-kvh\/\" \/>\n<meta property=\"og:site_name\" content=\"Kolkman Verpakkingen Hedel\" \/>\n<meta property=\"article:modified_time\" content=\"2023-08-21T06:52:40+00:00\" \/>\n<meta property=\"og:image\" content=\"https:\/\/www.kvh.nl\/wp-content\/uploads\/2021\/07\/6F1A8412.jpg\" \/>\n\t<meta property=\"og:image:width\" content=\"2440\" \/>\n\t<meta property=\"og:image:height\" content=\"1373\" \/>\n\t<meta property=\"og:image:type\" content=\"image\/jpeg\" \/>\n<meta name=\"twitter:card\" content=\"summary_large_image\" \/>\n<meta name=\"twitter:label1\" content=\"Gesch\u00e4tzte Lesezeit\" \/>\n\t<meta name=\"twitter:data1\" content=\"1\u00a0Minute\" \/>\n<script type=\"application\/ld+json\" class=\"yoast-schema-graph\">{\"@context\":\"https:\/\/schema.org\",\"@graph\":[{\"@type\":\"WebPage\",\"@id\":\"https:\/\/www.kvh.nl\/over-kvh\/\",\"url\":\"https:\/\/www.kvh.nl\/over-kvh\/\",\"name\":\"Kolkman Verpakkingen Hedel Hedel: 40 jaar verpakkingsspecialist\",\"isPartOf\":{\"@id\":\"https:\/\/www.kvh.nl\/#website\"},\"primaryImageOfPage\":{\"@id\":\"https:\/\/www.kvh.nl\/over-kvh\/#primaryimage\"},\"image\":{\"@id\":\"https:\/\/www.kvh.nl\/over-kvh\/#primaryimage\"},\"thumbnailUrl\":\"https:\/\/www.kvh.nl\/wp-content\/uploads\/2021\/07\/6F1A8412.jpg\",\"datePublished\":\"2020-03-09T15:06:38+00:00\",\"dateModified\":\"2023-08-21T06:52:40+00:00\",\"description\":\"Kolkman Verpakkingen Hedel voorziet al zo'n 40 jaar in hoogwaardige passende verpakkingsoplossingen. Maatwerk is daarin essentieel.\",\"breadcrumb\":{\"@id\":\"https:\/\/www.kvh.nl\/over-kvh\/#breadcrumb\"},\"inLanguage\":\"de\",\"potentialAction\":[{\"@type\":\"ReadAction\",\"target\":[\"https:\/\/www.kvh.nl\/over-kvh\/\"]}]},{\"@type\":\"ImageObject\",\"inLanguage\":\"de\",\"@id\":\"https:\/\/www.kvh.nl\/over-kvh\/#primaryimage\",\"url\":\"https:\/\/www.kvh.nl\/wp-content\/uploads\/2021\/07\/6F1A8412.jpg\",\"contentUrl\":\"https:\/\/www.kvh.nl\/wp-content\/uploads\/2021\/07\/6F1A8412.jpg\",\"width\":2440,\"height\":1373},{\"@type\":\"BreadcrumbList\",\"@id\":\"https:\/\/www.kvh.nl\/over-kvh\/#breadcrumb\",\"itemListElement\":[{\"@type\":\"ListItem\",\"position\":1,\"name\":\"Home\",\"item\":\"https:\/\/www.kvh.nl\/\"},{\"@type\":\"ListItem\",\"position\":2,\"name\":\"Over KVH\"}]},{\"@type\":\"WebSite\",\"@id\":\"https:\/\/www.kvh.nl\/#website\",\"url\":\"https:\/\/www.kvh.nl\/\",\"name\":\"Kolkman Verpakkingen Hedel\",\"description\":\"\",\"publisher\":{\"@id\":\"https:\/\/www.kvh.nl\/#organization\"},\"potentialAction\":[{\"@type\":\"SearchAction\",\"target\":{\"@type\":\"EntryPoint\",\"urlTemplate\":\"https:\/\/www.kvh.nl\/?s={search_term_string}\"},\"query-input\":{\"@type\":\"PropertyValueSpecification\",\"valueRequired\":true,\"valueName\":\"search_term_string\"}}],\"inLanguage\":\"de\"},{\"@type\":\"Organization\",\"@id\":\"https:\/\/www.kvh.nl\/#organization\",\"name\":\"Kolkman Verpakkingen Hedel\",\"url\":\"https:\/\/www.kvh.nl\/\",\"logo\":{\"@type\":\"ImageObject\",\"inLanguage\":\"de\",\"@id\":\"https:\/\/www.kvh.nl\/#\/schema\/logo\/image\/\",\"url\":\"https:\/\/www.kvh.nl\/wp-content\/uploads\/2020\/03\/logo-kvh.png\",\"contentUrl\":\"https:\/\/www.kvh.nl\/wp-content\/uploads\/2020\/03\/logo-kvh.png\",\"width\":272,\"height\":80,\"caption\":\"Kolkman Verpakkingen Hedel\"},\"image\":{\"@id\":\"https:\/\/www.kvh.nl\/#\/schema\/logo\/image\/\"}}]}<\/script>\n<!-- \/ Yoast SEO plugin. -->","yoast_head_json":{"title":"Kolkman Verpakkingen Hedel Hedel: 40 jaar verpakkingsspecialist","description":"Kolkman Verpakkingen Hedel voorziet al zo'n 40 jaar in hoogwaardige passende verpakkingsoplossingen. Maatwerk is daarin essentieel.","robots":{"index":"index","follow":"follow","max-snippet":"max-snippet:-1","max-image-preview":"max-image-preview:large","max-video-preview":"max-video-preview:-1"},"canonical":"https:\/\/www.kvh.nl\/de\/uber-kvh\/","og_locale":"de_DE","og_type":"article","og_title":"Kolkman Verpakkingen Hedel Hedel: 40 jaar verpakkingsspecialist","og_description":"Kolkman Verpakkingen Hedel voorziet al zo'n 40 jaar in hoogwaardige passende verpakkingsoplossingen. Maatwerk is daarin essentieel.","og_url":"https:\/\/www.kvh.nl\/de\/uber-kvh\/","og_site_name":"Kolkman Verpakkingen Hedel","article_modified_time":"2023-08-21T06:52:40+00:00","og_image":[{"width":2440,"height":1373,"url":"https:\/\/www.kvh.nl\/wp-content\/uploads\/2021\/07\/6F1A8412.jpg","type":"image\/jpeg"}],"twitter_card":"summary_large_image","twitter_misc":{"Gesch\u00e4tzte Lesezeit":"1\u00a0Minute"},"schema":{"@context":"https:\/\/schema.org","@graph":[{"@type":"WebPage","@id":"https:\/\/www.kvh.nl\/over-kvh\/","url":"https:\/\/www.kvh.nl\/over-kvh\/","name":"Kolkman Verpakkingen Hedel Hedel: 40 jaar verpakkingsspecialist","isPartOf":{"@id":"https:\/\/www.kvh.nl\/#website"},"primaryImageOfPage":{"@id":"https:\/\/www.kvh.nl\/over-kvh\/#primaryimage"},"image":{"@id":"https:\/\/www.kvh.nl\/over-kvh\/#primaryimage"},"thumbnailUrl":"https:\/\/www.kvh.nl\/wp-content\/uploads\/2021\/07\/6F1A8412.jpg","datePublished":"2020-03-09T15:06:38+00:00","dateModified":"2023-08-21T06:52:40+00:00","description":"Kolkman Verpakkingen Hedel voorziet al zo'n 40 jaar in hoogwaardige passende verpakkingsoplossingen. Maatwerk is daarin essentieel.","breadcrumb":{"@id":"https:\/\/www.kvh.nl\/over-kvh\/#breadcrumb"},"inLanguage":"de","potentialAction":[{"@type":"ReadAction","target":["https:\/\/www.kvh.nl\/over-kvh\/"]}]},{"@type":"ImageObject","inLanguage":"de","@id":"https:\/\/www.kvh.nl\/over-kvh\/#primaryimage","url":"https:\/\/www.kvh.nl\/wp-content\/uploads\/2021\/07\/6F1A8412.jpg","contentUrl":"https:\/\/www.kvh.nl\/wp-content\/uploads\/2021\/07\/6F1A8412.jpg","width":2440,"height":1373},{"@type":"BreadcrumbList","@id":"https:\/\/www.kvh.nl\/over-kvh\/#breadcrumb","itemListElement":[{"@type":"ListItem","position":1,"name":"Home","item":"https:\/\/www.kvh.nl\/"},{"@type":"ListItem","position":2,"name":"Over KVH"}]},{"@type":"WebSite","@id":"https:\/\/www.kvh.nl\/#website","url":"https:\/\/www.kvh.nl\/","name":"Kolkman Verpakkingen Hedel","description":"","publisher":{"@id":"https:\/\/www.kvh.nl\/#organization"},"potentialAction":[{"@type":"SearchAction","target":{"@type":"EntryPoint","urlTemplate":"https:\/\/www.kvh.nl\/?s={search_term_string}"},"query-input":{"@type":"PropertyValueSpecification","valueRequired":true,"valueName":"search_term_string"}}],"inLanguage":"de"},{"@type":"Organization","@id":"https:\/\/www.kvh.nl\/#organization","name":"Kolkman Verpakkingen Hedel","url":"https:\/\/www.kvh.nl\/","logo":{"@type":"ImageObject","inLanguage":"de","@id":"https:\/\/www.kvh.nl\/#\/schema\/logo\/image\/","url":"https:\/\/www.kvh.nl\/wp-content\/uploads\/2020\/03\/logo-kvh.png","contentUrl":"https:\/\/www.kvh.nl\/wp-content\/uploads\/2020\/03\/logo-kvh.png","width":272,"height":80,"caption":"Kolkman Verpakkingen Hedel"},"image":{"@id":"https:\/\/www.kvh.nl\/#\/schema\/logo\/image\/"}}]}},"_links":{"self":[{"href":"https:\/\/www.kvh.nl\/de\/wp-json\/wp\/v2\/pages\/57","targetHints":{"allow":["GET"]}}],"collection":[{"href":"https:\/\/www.kvh.nl\/de\/wp-json\/wp\/v2\/pages"}],"about":[{"href":"https:\/\/www.kvh.nl\/de\/wp-json\/wp\/v2\/types\/page"}],"author":[{"embeddable":true,"href":"https:\/\/www.kvh.nl\/de\/wp-json\/wp\/v2\/users\/4"}],"replies":[{"embeddable":true,"href":"https:\/\/www.kvh.nl\/de\/wp-json\/wp\/v2\/comments?post=57"}],"version-history":[{"count":1,"href":"https:\/\/www.kvh.nl\/de\/wp-json\/wp\/v2\/pages\/57\/revisions"}],"predecessor-version":[{"id":719,"href":"https:\/\/www.kvh.nl\/de\/wp-json\/wp\/v2\/pages\/57\/revisions\/719"}],"wp:featuredmedia":[{"embeddable":true,"href":"https:\/\/www.kvh.nl\/de\/wp-json\/wp\/v2\/media\/420"}],"wp:attachment":[{"href":"https:\/\/www.kvh.nl\/de\/wp-json\/wp\/v2\/media?parent=57"}],"curies":[{"name":"wp","href":"https:\/\/api.w.org\/{rel}","templated":true}]}}