{"id":240,"date":"2020-08-12T16:18:57","date_gmt":"2020-08-12T14:18:57","guid":{"rendered":"https:\/\/kvh.wijmakenerietsmooisvoor.nl\/?page_id=240"},"modified":"2022-02-25T10:10:32","modified_gmt":"2022-02-25T09:10:32","slug":"rpet-verpackungen","status":"publish","type":"page","link":"https:\/\/www.kvh.nl\/de\/rpet-verpackungen\/","title":{"rendered":"rPET-Verpackungen"},"content":{"rendered":"<p><strong>Bei Kolkman Verpakkingen Hedel wollen wir verantwortungsvoll mit der Welt umgehen, in der wir leben. Mit rPET-Verpackungen sind wir in der Lage, optisch ansprechende und zugleich nachhaltige Verpackungen herzustellen.<\/strong><\/p>\n\n\n\n<h2 class=\"wp-block-heading\">Was ist rPET?<\/h2>\n\n\n\n<p>Recyceltes PET (rPET) ist ein ressourcenschonendes Material, das wir verarbeiten und unseren Kunden anbieten. Aus dem strapazierf\u00e4higen und langlebigen Material, k\u00f6nnen stabile und optisch ansprechende Endprodukte von hoher Qualit\u00e4t hergestellt werden. Durch den Einsatz dieses Materials l\u00e4sst sich der CO2-Fu\u00dfabdruck erheblich reduzieren. Dieser Kunststoff erf\u00fcllt auch die Anforderung, die Umweltverschmutzung durch Kunststoffverpackungen zu reduzieren, diese zu verarbeiten und unseren Kunden anzubieten.<\/p>\n\n\n\n<h2 class=\"wp-block-heading\">Was sind rPET-Verpackungen?<\/h2>\n\n\n\n<p>rPET-Verpackungen bestehen zu 100 Prozent aus recyceltem Polyethylenterephthalat (PET). Dieses Material wird aus bereits verwendetem PET-Kunststoff hergestellt. Obwohl Kunststoff in erster Linie als Abfall angesehen wird, ist er dennoch ein sehr wertvoller Rohstoff f\u00fcr das geschlossene Recycling. Bei Kolkman Verpakkingen Hedel werden hochwertigen Verpackungen aus recyceltem PET hergestellt. Durch seine leichte Wiederverwertbarkeit k\u00f6nnen wir nachhaltige Verpackungen nach Ma\u00df f\u00fcr verschiedene Branchen herstellen <\/p>\n\n\n\n<div class=\"wp-block-buttons is-layout-flex wp-block-buttons-is-layout-flex\">\n<div class=\"wp-block-button button-rood\"><a class=\"wp-block-button__link has-text-color has-background\" href=\"Bel: +31 (0)73 5992255\" style=\"background-color:#f94b43;color:#ffffff\">tel +31 (0) 73 5992255<\/a><\/div>\n<\/div>\n\n\n\n<p><\/p>","protected":false},"excerpt":{"rendered":"<p>Wir wollen verantwortungsvoll mit der Erde umgehen und Verantwortung gegen\u00fcber der Gesellschaft \u00fcbernehmen.<\/p>","protected":false},"author":4,"featured_media":499,"parent":0,"menu_order":0,"comment_status":"closed","ping_status":"closed","template":"","meta":{"_acf_changed":false,"_genesis_hide_title":false,"_genesis_hide_breadcrumbs":false,"_genesis_hide_singular_image":false,"_genesis_hide_footer_widgets":false,"_genesis_custom_body_class":"","_genesis_custom_post_class":"","_genesis_layout":"","footnotes":""},"class_list":{"0":"post-240","1":"page","2":"type-page","3":"status-publish","4":"has-post-thumbnail","6":"entry"},"acf":[],"yoast_head":"<!-- This site is optimized with the Yoast SEO plugin v26.7 - https:\/\/yoast.com\/wordpress\/plugins\/seo\/ -->\n<title>Kolkman Verpakkingen Hedel maakt hoogwaardige verpakkingen van rPET<\/title>\n<meta name=\"description\" content=\"Voor welk product, in welke branche dan ook, bieden wij een maatwerk milieuvriendelijke rPET verpakking oplossing.\" \/>\n<meta name=\"robots\" content=\"index, follow, max-snippet:-1, max-image-preview:large, max-video-preview:-1\" \/>\n<link rel=\"canonical\" href=\"https:\/\/www.kvh.nl\/de\/rpet-verpackungen\/\" \/>\n<meta property=\"og:locale\" content=\"de_DE\" \/>\n<meta property=\"og:type\" content=\"article\" \/>\n<meta property=\"og:title\" content=\"Kolkman Verpakkingen Hedel maakt hoogwaardige verpakkingen van rPET\" \/>\n<meta property=\"og:description\" content=\"Voor welk product, in welke branche dan ook, bieden wij een maatwerk milieuvriendelijke rPET verpakking oplossing.\" \/>\n<meta property=\"og:url\" content=\"https:\/\/www.kvh.nl\/de\/rpet-verpackungen\/\" \/>\n<meta property=\"og:site_name\" content=\"Kolkman Verpakkingen Hedel\" \/>\n<meta property=\"article:modified_time\" content=\"2022-02-25T09:10:32+00:00\" \/>\n<meta property=\"og:image\" content=\"https:\/\/www.kvh.nl\/wp-content\/uploads\/2022\/02\/6F1A0116.jpg\" \/>\n\t<meta property=\"og:image:width\" content=\"2440\" \/>\n\t<meta property=\"og:image:height\" content=\"1372\" \/>\n\t<meta property=\"og:image:type\" content=\"image\/jpeg\" \/>\n<meta name=\"twitter:card\" content=\"summary_large_image\" \/>\n<meta name=\"twitter:label1\" content=\"Gesch\u00e4tzte Lesezeit\" \/>\n\t<meta name=\"twitter:data1\" content=\"1\u00a0Minute\" \/>\n<script type=\"application\/ld+json\" class=\"yoast-schema-graph\">{\"@context\":\"https:\/\/schema.org\",\"@graph\":[{\"@type\":\"WebPage\",\"@id\":\"https:\/\/www.kvh.nl\/rpet-verpakkingen\/\",\"url\":\"https:\/\/www.kvh.nl\/rpet-verpakkingen\/\",\"name\":\"Kolkman Verpakkingen Hedel maakt hoogwaardige verpakkingen van rPET\",\"isPartOf\":{\"@id\":\"https:\/\/www.kvh.nl\/#website\"},\"primaryImageOfPage\":{\"@id\":\"https:\/\/www.kvh.nl\/rpet-verpakkingen\/#primaryimage\"},\"image\":{\"@id\":\"https:\/\/www.kvh.nl\/rpet-verpakkingen\/#primaryimage\"},\"thumbnailUrl\":\"https:\/\/www.kvh.nl\/wp-content\/uploads\/2022\/02\/6F1A0116.jpg\",\"datePublished\":\"2020-08-12T14:18:57+00:00\",\"dateModified\":\"2022-02-25T09:10:32+00:00\",\"description\":\"Voor welk product, in welke branche dan ook, bieden wij een maatwerk milieuvriendelijke rPET verpakking oplossing.\",\"breadcrumb\":{\"@id\":\"https:\/\/www.kvh.nl\/rpet-verpakkingen\/#breadcrumb\"},\"inLanguage\":\"de\",\"potentialAction\":[{\"@type\":\"ReadAction\",\"target\":[\"https:\/\/www.kvh.nl\/rpet-verpakkingen\/\"]}]},{\"@type\":\"ImageObject\",\"inLanguage\":\"de\",\"@id\":\"https:\/\/www.kvh.nl\/rpet-verpakkingen\/#primaryimage\",\"url\":\"https:\/\/www.kvh.nl\/wp-content\/uploads\/2022\/02\/6F1A0116.jpg\",\"contentUrl\":\"https:\/\/www.kvh.nl\/wp-content\/uploads\/2022\/02\/6F1A0116.jpg\",\"width\":2440,\"height\":1372},{\"@type\":\"BreadcrumbList\",\"@id\":\"https:\/\/www.kvh.nl\/rpet-verpakkingen\/#breadcrumb\",\"itemListElement\":[{\"@type\":\"ListItem\",\"position\":1,\"name\":\"Home\",\"item\":\"https:\/\/www.kvh.nl\/\"},{\"@type\":\"ListItem\",\"position\":2,\"name\":\"rPET verpakkingen\"}]},{\"@type\":\"WebSite\",\"@id\":\"https:\/\/www.kvh.nl\/#website\",\"url\":\"https:\/\/www.kvh.nl\/\",\"name\":\"Kolkman Verpakkingen Hedel\",\"description\":\"\",\"publisher\":{\"@id\":\"https:\/\/www.kvh.nl\/#organization\"},\"potentialAction\":[{\"@type\":\"SearchAction\",\"target\":{\"@type\":\"EntryPoint\",\"urlTemplate\":\"https:\/\/www.kvh.nl\/?s={search_term_string}\"},\"query-input\":{\"@type\":\"PropertyValueSpecification\",\"valueRequired\":true,\"valueName\":\"search_term_string\"}}],\"inLanguage\":\"de\"},{\"@type\":\"Organization\",\"@id\":\"https:\/\/www.kvh.nl\/#organization\",\"name\":\"Kolkman Verpakkingen Hedel\",\"url\":\"https:\/\/www.kvh.nl\/\",\"logo\":{\"@type\":\"ImageObject\",\"inLanguage\":\"de\",\"@id\":\"https:\/\/www.kvh.nl\/#\/schema\/logo\/image\/\",\"url\":\"https:\/\/www.kvh.nl\/wp-content\/uploads\/2020\/03\/logo-kvh.png\",\"contentUrl\":\"https:\/\/www.kvh.nl\/wp-content\/uploads\/2020\/03\/logo-kvh.png\",\"width\":272,\"height\":80,\"caption\":\"Kolkman Verpakkingen Hedel\"},\"image\":{\"@id\":\"https:\/\/www.kvh.nl\/#\/schema\/logo\/image\/\"}}]}<\/script>\n<!-- \/ Yoast SEO plugin. -->","yoast_head_json":{"title":"Kolkman Verpakkingen Hedel maakt hoogwaardige verpakkingen van rPET","description":"Voor welk product, in welke branche dan ook, bieden wij een maatwerk milieuvriendelijke rPET verpakking oplossing.","robots":{"index":"index","follow":"follow","max-snippet":"max-snippet:-1","max-image-preview":"max-image-preview:large","max-video-preview":"max-video-preview:-1"},"canonical":"https:\/\/www.kvh.nl\/de\/rpet-verpackungen\/","og_locale":"de_DE","og_type":"article","og_title":"Kolkman Verpakkingen Hedel maakt hoogwaardige verpakkingen van rPET","og_description":"Voor welk product, in welke branche dan ook, bieden wij een maatwerk milieuvriendelijke rPET verpakking oplossing.","og_url":"https:\/\/www.kvh.nl\/de\/rpet-verpackungen\/","og_site_name":"Kolkman Verpakkingen Hedel","article_modified_time":"2022-02-25T09:10:32+00:00","og_image":[{"width":2440,"height":1372,"url":"https:\/\/www.kvh.nl\/wp-content\/uploads\/2022\/02\/6F1A0116.jpg","type":"image\/jpeg"}],"twitter_card":"summary_large_image","twitter_misc":{"Gesch\u00e4tzte Lesezeit":"1\u00a0Minute"},"schema":{"@context":"https:\/\/schema.org","@graph":[{"@type":"WebPage","@id":"https:\/\/www.kvh.nl\/rpet-verpakkingen\/","url":"https:\/\/www.kvh.nl\/rpet-verpakkingen\/","name":"Kolkman Verpakkingen Hedel maakt hoogwaardige verpakkingen van rPET","isPartOf":{"@id":"https:\/\/www.kvh.nl\/#website"},"primaryImageOfPage":{"@id":"https:\/\/www.kvh.nl\/rpet-verpakkingen\/#primaryimage"},"image":{"@id":"https:\/\/www.kvh.nl\/rpet-verpakkingen\/#primaryimage"},"thumbnailUrl":"https:\/\/www.kvh.nl\/wp-content\/uploads\/2022\/02\/6F1A0116.jpg","datePublished":"2020-08-12T14:18:57+00:00","dateModified":"2022-02-25T09:10:32+00:00","description":"Voor welk product, in welke branche dan ook, bieden wij een maatwerk milieuvriendelijke rPET verpakking oplossing.","breadcrumb":{"@id":"https:\/\/www.kvh.nl\/rpet-verpakkingen\/#breadcrumb"},"inLanguage":"de","potentialAction":[{"@type":"ReadAction","target":["https:\/\/www.kvh.nl\/rpet-verpakkingen\/"]}]},{"@type":"ImageObject","inLanguage":"de","@id":"https:\/\/www.kvh.nl\/rpet-verpakkingen\/#primaryimage","url":"https:\/\/www.kvh.nl\/wp-content\/uploads\/2022\/02\/6F1A0116.jpg","contentUrl":"https:\/\/www.kvh.nl\/wp-content\/uploads\/2022\/02\/6F1A0116.jpg","width":2440,"height":1372},{"@type":"BreadcrumbList","@id":"https:\/\/www.kvh.nl\/rpet-verpakkingen\/#breadcrumb","itemListElement":[{"@type":"ListItem","position":1,"name":"Home","item":"https:\/\/www.kvh.nl\/"},{"@type":"ListItem","position":2,"name":"rPET verpakkingen"}]},{"@type":"WebSite","@id":"https:\/\/www.kvh.nl\/#website","url":"https:\/\/www.kvh.nl\/","name":"Kolkman Verpakkingen Hedel","description":"","publisher":{"@id":"https:\/\/www.kvh.nl\/#organization"},"potentialAction":[{"@type":"SearchAction","target":{"@type":"EntryPoint","urlTemplate":"https:\/\/www.kvh.nl\/?s={search_term_string}"},"query-input":{"@type":"PropertyValueSpecification","valueRequired":true,"valueName":"search_term_string"}}],"inLanguage":"de"},{"@type":"Organization","@id":"https:\/\/www.kvh.nl\/#organization","name":"Kolkman Verpakkingen Hedel","url":"https:\/\/www.kvh.nl\/","logo":{"@type":"ImageObject","inLanguage":"de","@id":"https:\/\/www.kvh.nl\/#\/schema\/logo\/image\/","url":"https:\/\/www.kvh.nl\/wp-content\/uploads\/2020\/03\/logo-kvh.png","contentUrl":"https:\/\/www.kvh.nl\/wp-content\/uploads\/2020\/03\/logo-kvh.png","width":272,"height":80,"caption":"Kolkman Verpakkingen Hedel"},"image":{"@id":"https:\/\/www.kvh.nl\/#\/schema\/logo\/image\/"}}]}},"_links":{"self":[{"href":"https:\/\/www.kvh.nl\/de\/wp-json\/wp\/v2\/pages\/240","targetHints":{"allow":["GET"]}}],"collection":[{"href":"https:\/\/www.kvh.nl\/de\/wp-json\/wp\/v2\/pages"}],"about":[{"href":"https:\/\/www.kvh.nl\/de\/wp-json\/wp\/v2\/types\/page"}],"author":[{"embeddable":true,"href":"https:\/\/www.kvh.nl\/de\/wp-json\/wp\/v2\/users\/4"}],"replies":[{"embeddable":true,"href":"https:\/\/www.kvh.nl\/de\/wp-json\/wp\/v2\/comments?post=240"}],"version-history":[{"count":0,"href":"https:\/\/www.kvh.nl\/de\/wp-json\/wp\/v2\/pages\/240\/revisions"}],"wp:featuredmedia":[{"embeddable":true,"href":"https:\/\/www.kvh.nl\/de\/wp-json\/wp\/v2\/media\/499"}],"wp:attachment":[{"href":"https:\/\/www.kvh.nl\/de\/wp-json\/wp\/v2\/media?parent=240"}],"curies":[{"name":"wp","href":"https:\/\/api.w.org\/{rel}","templated":true}]}}