{"id":15,"date":"2020-03-09T09:44:12","date_gmt":"2020-03-09T08:44:12","guid":{"rendered":"https:\/\/kvh.wijmakenerietsmooisvoor.nl\/?page_id=15"},"modified":"2023-08-21T08:46:41","modified_gmt":"2023-08-21T06:46:41","slug":"home","status":"publish","type":"page","link":"https:\/\/www.kvh.nl\/de\/","title":{"rendered":"Home"},"content":{"rendered":"<div class=\"wp-block-cover alignfull is-light home-blok-een\"><span aria-hidden=\"true\" class=\"wp-block-cover__background has-light-gray-background-color has-background-dim-100 has-background-dim\"><\/span><div class=\"wp-block-cover__inner-container is-layout-flow wp-block-cover-is-layout-flow\">\n<p class=\"has-text-align-center has-large-font-size\"><\/p>\n\n\n\n<h3 class=\"wp-block-heading smal has-dark-gray-color has-text-color\">Kolkman Verpakkingen Hedel<\/h3>\n\n\n\n<p class=\"smal has-dark-gray-color has-text-color\"><strong>KVH ist ein Familienunternehmen, das seit rund 40 Jahren hochwertige Verpackungsl\u00f6sungen entwickelt. Technologische Entwicklungen, Konjunkturschwankungen in der Wirtschaft und die immer gr\u00f6\u00dfer werdenden Entfernungen zwischen unseren<\/strong> <strong>Gesch\u00e4ftspartnern erfordern zeitgem\u00e4\u00dfe Verpackungsl\u00f6sungen. Kolkman Verpakkingen Hedel erf\u00fcllt diese Anforderungen.<\/strong><\/p>\n\n\n\n<p class=\"smal has-dark-gray-color has-text-color\">Unsere Mission ist es, weltweit Kunden aus den unterschiedlichsten Industriebranchen mit intelligenten, innovativen und kosteneffizienten L\u00f6sungen ganz nach Bedarf zu beliefern.<\/p>\n\n\n\n<p class=\"smal has-dark-gray-color has-text-color\">Die Bedingungen, unter denen Ihre wertvollen Produkte geliefert werden m\u00fcssen, \u00e4ndern sich st\u00e4ndig. Da wir immer mit dem Kunden mitdenken, k\u00f6nnen wir f\u00fcr jedes Projekt eine passende L\u00f6sung bieten. Ma\u00dfarbeit ist dabei unerl\u00e4sslich.<\/p>\n\n\n\n<div class=\"wp-block-buttons is-layout-flex wp-block-buttons-is-layout-flex\">\n<div class=\"wp-block-button\"><a class=\"wp-block-button__link has-white-color has-text-color has-background wp-element-button\" href=\"https:\/\/www.kvh.nl\/de\/uber-kvh\/\" style=\"background-color:#ff0000\">Mehr \u00fcber uns<\/a><\/div>\n\n\n\n<div class=\"wp-block-button button-donker is-style-outline is-style-outline--1\"><a class=\"wp-block-button__link has-text-color wp-element-button\" href=\"https:\/\/www.kvh.nl\/de\/rpet-verpackungen\/\" style=\"border-radius:5px;color:#92c200\">Nachhaltige Verpackung<\/a><\/div>\n<\/div>\n\n\n\n<div style=\"height:100px\" aria-hidden=\"true\" class=\"wp-block-spacer\"><\/div>\n\n\n\n<div class=\"wp-block-columns kolom-home is-layout-flex wp-container-core-columns-is-layout-9d6595d7 wp-block-columns-is-layout-flex\">\n<div class=\"wp-block-column is-layout-flow wp-block-column-is-layout-flow\"><div data-block-name=\"woocommerce\/featured-category\" data-category-id=\"18\" data-content-align=\"left\" data-dim-ratio=\"20\" data-edit-mode=\"false\" data-focal-point=\"{&quot;x&quot;:&quot;0.77&quot;,&quot;y&quot;:&quot;0.38&quot;}\" class=\"wc-block-featured-category alignnone has-background-dim has-background-dim-20 has-left-content wp-block-woocommerce-featured-category\" style=\"min-height:500px;\"><div class=\"wc-block-featured-category__wrapper\"><div class=\"background-dim__overlay\" style=\"background-color: #000000\"><\/div><img decoding=\"async\" alt=\"Verpackungen f\u00fcr Obst und Gem\u00fcse\" class=\"wc-block-featured-category__background-image\" src=\"https:\/\/www.kvh.nl\/wp-content\/uploads\/2022\/02\/6F1A0048-1024x576.jpg\" style=\"object-fit: none;object-position: 77% 38%;\" \/><h2 class=\"wc-block-featured-category__title\">Verpackungen f\u00fcr Obst und Gem\u00fcse<\/h2><div class=\"wc-block-featured-category__description\"><p>Hochwertige Verpackungen f\u00fcr Obst und Gem\u00fcse.<\/p>\n<\/div><div class=\"wc-block-featured-category__inner-blocks\">\n\n<div class=\"wp-block-buttons is-content-justification-left is-layout-flex wp-container-core-buttons-is-layout-fdcfc74e wp-block-buttons-is-layout-flex\">\n<div class=\"wp-block-button aligncenter button-rood\"><a class=\"wp-block-button__link\" href=\"https:\/\/www.kvh.nl\/de\/produkt-kategorie\/verpackungen-fur-obst-und-gemuse\/\">Mehr lesen<\/a><\/div>\n<\/div>\n\n<\/div><\/div><\/div>\n\n<div data-block-name=\"woocommerce\/featured-category\" data-category-id=\"19\" data-content-align=\"left\" data-dim-ratio=\"40\" data-edit-mode=\"false\" class=\"wc-block-featured-category alignnone has-background-dim has-background-dim-40 has-left-content wp-block-woocommerce-featured-category\" style=\"min-height:500px;\"><div class=\"wc-block-featured-category__wrapper\"><div class=\"background-dim__overlay\" style=\"background-color: #000000\"><\/div><img decoding=\"async\" alt=\"Verpackungen f\u00fcr Champignons\" class=\"wc-block-featured-category__background-image\" src=\"https:\/\/www.kvh.nl\/wp-content\/uploads\/2021\/07\/6F1A8005-1024x576.jpg\" style=\"object-fit: none;object-position: 50% 50%;\" \/><h2 class=\"wc-block-featured-category__title\">Verpackungen f\u00fcr Champignons<\/h2><div class=\"wc-block-featured-category__description\"><p>Ultrad\u00fcnne Verpackungen f\u00fcr Champignons und sehr schnelle Lieferung.<\/p>\n<\/div><div class=\"wc-block-featured-category__inner-blocks\">\n\n<div class=\"wp-block-buttons is-layout-flex wp-block-buttons-is-layout-flex\">\n<div class=\"wp-block-button aligncenter button-rood\"><a class=\"wp-block-button__link\" href=\"https:\/\/www.kvh.nl\/de\/produkt-kategorie\/verpackungen-fur-champignons\/\">Mehr lesen<\/a><\/div>\n<\/div>\n\n<\/div><\/div><\/div><\/div>\n\n\n\n<div class=\"wp-block-column is-layout-flow wp-block-column-is-layout-flow\"><div data-block-name=\"woocommerce\/featured-category\" data-category-id=\"23\" data-content-align=\"left\" data-dim-ratio=\"40\" data-edit-mode=\"false\" data-focal-point=\"{&quot;x&quot;:&quot;0.23&quot;,&quot;y&quot;:&quot;0.39&quot;}\" class=\"wc-block-featured-category alignnone has-background-dim has-background-dim-40 has-left-content wp-block-woocommerce-featured-category\" style=\"min-height:500px;\"><div class=\"wc-block-featured-category__wrapper\"><div class=\"background-dim__overlay\" style=\"background-color: #000000\"><\/div><img decoding=\"async\" alt=\"Verpackungen f\u00fcr den Gartenbau\" class=\"wc-block-featured-category__background-image\" src=\"https:\/\/www.kvh.nl\/wp-content\/uploads\/2022\/02\/6F1A0239-1024x576.jpg\" style=\"object-fit: none;object-position: 23% 39%;\" \/><h2 class=\"wc-block-featured-category__title\">Verpackungen f\u00fcr den Gartenbau<\/h2><div class=\"wc-block-featured-category__description\"><p>Verpackungen f\u00fcr den Gartenbau, die Ihre Produkte wachsen lassen.<\/p>\n<\/div><div class=\"wc-block-featured-category__inner-blocks\">\n\n<div class=\"wp-block-buttons is-layout-flex wp-block-buttons-is-layout-flex\">\n<div class=\"wp-block-button aligncenter button-rood\"><a class=\"wp-block-button__link\" href=\"https:\/\/www.kvh.nl\/de\/produkt-kategorie\/verpackungen-fur-den-gartenbau\/\">Mehr lesen<\/a><\/div>\n<\/div>\n\n<\/div><\/div><\/div>\n\n<div data-block-name=\"woocommerce\/featured-category\" data-category-id=\"24\" data-content-align=\"left\" data-dim-ratio=\"40\" data-edit-mode=\"false\" data-focal-point=\"{&quot;x&quot;:&quot;0.60&quot;,&quot;y&quot;:0.16}\" class=\"wc-block-featured-category alignnone has-background-dim has-background-dim-40 has-left-content wp-block-woocommerce-featured-category\" style=\"min-height:500px;\"><div class=\"wc-block-featured-category__wrapper\"><div class=\"background-dim__overlay\" style=\"background-color: #000000\"><\/div><img decoding=\"async\" alt=\"Verpackungen nach Ma\u00df\" class=\"wc-block-featured-category__background-image\" src=\"https:\/\/www.kvh.nl\/wp-content\/uploads\/2022\/02\/6F1A0347-1024x576.jpg\" style=\"object-fit: none;object-position: 60% 16%;\" \/><h2 class=\"wc-block-featured-category__title\">Verpackungen nach Ma\u00df<\/h2><div class=\"wc-block-featured-category__description\"><p>Kolkman Verpakkingen Hedel entwickelt die perfekte ma\u00dfgeschneiderte Verpackung f\u00fcr Ihr Produkt, sowohl f\u00fcr die Food- als auch die Non-Food-Industrie.<\/p>\n<\/div><div class=\"wc-block-featured-category__inner-blocks\">\n\n<div class=\"wp-block-buttons is-layout-flex wp-block-buttons-is-layout-flex\">\n<div class=\"wp-block-button aligncenter button-rood\"><a class=\"wp-block-button__link\" href=\"https:\/\/www.kvh.nl\/de\/produkt-kategorie\/verpackungen-nach-mas\/\">Mehr lesen<\/a><\/div>\n<\/div>\n\n<\/div><\/div><\/div><\/div>\n\n\n\n<div class=\"wp-block-column is-layout-flow wp-block-column-is-layout-flow\"><div data-block-name=\"woocommerce\/featured-category\" data-category-id=\"20\" data-content-align=\"left\" data-dim-ratio=\"40\" data-edit-mode=\"false\" class=\"wc-block-featured-category alignnone has-background-dim has-background-dim-40 has-left-content wp-block-woocommerce-featured-category\" style=\"min-height:500px;\"><div class=\"wc-block-featured-category__wrapper\"><div class=\"background-dim__overlay\" style=\"background-color: #000000\"><\/div><img decoding=\"async\" alt=\"Wurst- und Fleisch-verpackungen\" class=\"wc-block-featured-category__background-image\" src=\"https:\/\/www.kvh.nl\/wp-content\/uploads\/2021\/07\/6F1A8260-1024x576.jpg\" style=\"object-fit: none;object-position: 50% 50%;\" \/><h2 class=\"wc-block-featured-category__title\">Wurst- und Fleisch-verpackungen<\/h2><div class=\"wc-block-featured-category__description\"><p>Wurst- und Fleischverpackungen f\u00fcr eine hohe Lebensmittelsicherheit.<\/p>\n<\/div><div class=\"wc-block-featured-category__inner-blocks\">\n\n<div class=\"wp-block-buttons is-layout-flex wp-block-buttons-is-layout-flex\">\n<div class=\"wp-block-button aligncenter button-rood\"><a class=\"wp-block-button__link\" href=\"https:\/\/www.kvh.nl\/de\/produkt-kategorie\/wurst-und-fleischverpackungen\/\">Mehr lesen<\/a><\/div>\n<\/div>\n\n<\/div><\/div><\/div>\n\n\n<p><\/p>\n<\/div>\n<\/div>\n\n\n\n<div style=\"height:50px\" aria-hidden=\"true\" class=\"wp-block-spacer\"><\/div>\n\n\n\n<p><\/p>\n<\/div><\/div>\n\n\n\n<div class=\"wp-block-group\"><div class=\"wp-block-group__inner-container is-layout-flow wp-block-group-is-layout-flow\">\n<div class=\"wp-block-group\"><div class=\"wp-block-group__inner-container is-layout-flow wp-block-group-is-layout-flow\">\n<div class=\"wp-block-group\"><div class=\"wp-block-group__inner-container is-layout-flow wp-block-group-is-layout-flow\">\n<div class=\"wp-block-group\"><div class=\"wp-block-group__inner-container is-layout-flow wp-block-group-is-layout-flow\">\n<div class=\"wp-block-group\"><div class=\"wp-block-group__inner-container is-layout-flow wp-block-group-is-layout-flow\">\n<div class=\"wp-block-group\"><div class=\"wp-block-group__inner-container is-layout-flow wp-block-group-is-layout-flow\">\n<div class=\"wp-block-cover alignfull has-background-dim before-footer-cta\" style=\"background-color:#000000;min-height:600px;aspect-ratio:unset;\"><div class=\"wp-block-cover__inner-container is-layout-flow wp-block-cover-is-layout-flow\">\n<h2 class=\"wp-block-heading\"><\/h2>\n\n\n\n<div class=\"wp-block-columns is-layout-flex wp-container-core-columns-is-layout-9d6595d7 wp-block-columns-is-layout-flex\">\n<div class=\"wp-block-column is-layout-flow wp-block-column-is-layout-flow\">\n<figure class=\"wp-block-image size-large absolute\"><img loading=\"lazy\" decoding=\"async\" width=\"1024\" height=\"576\" src=\"https:\/\/www.kvh.nl\/wp-content\/uploads\/2022\/02\/6F1A0335-1024x576.jpg\" alt=\"\" class=\"wp-image-506\" srcset=\"https:\/\/www.kvh.nl\/wp-content\/uploads\/2022\/02\/6F1A0335-1024x576.jpg 1024w, https:\/\/www.kvh.nl\/wp-content\/uploads\/2022\/02\/6F1A0335-655x368.jpg 655w, https:\/\/www.kvh.nl\/wp-content\/uploads\/2022\/02\/6F1A0335-300x169.jpg 300w, https:\/\/www.kvh.nl\/wp-content\/uploads\/2022\/02\/6F1A0335-768x432.jpg 768w, https:\/\/www.kvh.nl\/wp-content\/uploads\/2022\/02\/6F1A0335-1536x864.jpg 1536w, https:\/\/www.kvh.nl\/wp-content\/uploads\/2022\/02\/6F1A0335-2048x1152.jpg 2048w\" sizes=\"auto, (max-width: 1024px) 100vw, 1024px\" \/><\/figure>\n<\/div>\n\n\n\n<div class=\"wp-block-column is-layout-flow wp-block-column-is-layout-flow\">\n<h2 class=\"great wp-block-heading\">Mit dem Herzen dabei<\/h2>\n\n\n\n<p>Bei Kolkman Verpakkingen Hedel wollen wir verantwortungsvoll mit der Umwelt umgehen und Verantwortung gegen\u00fcber der Gesellschaft \u00fcbernehmen. Mit rPET-Verpackungen sind wir in der Lage, optisch ansprechende und zugleich nachhaltige Verpackungen herzustellen.<\/p>\n\n\n\n<div class=\"wp-block-buttons is-layout-flex wp-block-buttons-is-layout-flex\">\n<div class=\"wp-block-button\"><a class=\"wp-block-button__link has-light-gray-color has-text-color has-background\" href=\"https:\/\/www.kvh.nl\/de\/rpet-verpackungen\/\" style=\"background-color:#ff0000\">Mehr lesen<\/a><\/div>\n<\/div>\n<\/div>\n<\/div>\n<\/div><\/div>\n<\/div><\/div>\n<\/div><\/div>\n<\/div><\/div>\n<\/div><\/div>\n<\/div><\/div>\n<\/div><\/div>","protected":false},"excerpt":{"rendered":"","protected":false},"author":4,"featured_media":451,"parent":0,"menu_order":0,"comment_status":"closed","ping_status":"closed","template":"","meta":{"_acf_changed":false,"_genesis_hide_title":true,"_genesis_hide_breadcrumbs":false,"_genesis_hide_singular_image":false,"_genesis_hide_footer_widgets":false,"_genesis_custom_body_class":"","_genesis_custom_post_class":"","_genesis_layout":"full-width-content","footnotes":""},"class_list":{"0":"post-15","1":"page","2":"type-page","3":"status-publish","4":"has-post-thumbnail","6":"entry"},"acf":[],"yoast_head":"<!-- This site is optimized with the Yoast SEO plugin v26.7 - https:\/\/yoast.com\/wordpress\/plugins\/seo\/ -->\n<title>Kolkman Verpakkingen Hedel - Specialist in duurzame rPET verpakkingen<\/title>\n<meta name=\"description\" content=\"Kolkman Verpakkingen Hedel voorziet al zo&#039;n 40 jaar in hoogwaardige passende verpakkingsoplossingen. Maatwerk is daarin essentieel.\" \/>\n<meta name=\"robots\" content=\"index, follow, max-snippet:-1, max-image-preview:large, max-video-preview:-1\" \/>\n<link rel=\"canonical\" href=\"https:\/\/www.kvh.nl\/de\/\" \/>\n<meta property=\"og:locale\" content=\"de_DE\" \/>\n<meta property=\"og:type\" content=\"article\" \/>\n<meta property=\"og:title\" content=\"Kolkman Verpakkingen Hedel - Specialist in duurzame rPET verpakkingen\" \/>\n<meta property=\"og:description\" content=\"Kolkman Verpakkingen Hedel voorziet al zo&#039;n 40 jaar in hoogwaardige passende verpakkingsoplossingen. Maatwerk is daarin essentieel.\" \/>\n<meta property=\"og:url\" content=\"https:\/\/www.kvh.nl\/de\/\" \/>\n<meta property=\"og:site_name\" content=\"Kolkman Verpakkingen Hedel\" \/>\n<meta property=\"article:modified_time\" content=\"2023-08-21T06:46:41+00:00\" \/>\n<meta property=\"og:image\" content=\"https:\/\/www.kvh.nl\/wp-content\/uploads\/2021\/07\/IMG_5901.jpg\" \/>\n\t<meta property=\"og:image:width\" content=\"2440\" \/>\n\t<meta property=\"og:image:height\" content=\"1373\" \/>\n\t<meta property=\"og:image:type\" content=\"image\/jpeg\" \/>\n<meta name=\"twitter:card\" content=\"summary_large_image\" \/>\n<meta name=\"twitter:label1\" content=\"Gesch\u00e4tzte Lesezeit\" \/>\n\t<meta name=\"twitter:data1\" content=\"1\u00a0Minute\" \/>\n<script type=\"application\/ld+json\" class=\"yoast-schema-graph\">{\"@context\":\"https:\/\/schema.org\",\"@graph\":[{\"@type\":\"WebPage\",\"@id\":\"https:\/\/www.kvh.nl\/\",\"url\":\"https:\/\/www.kvh.nl\/\",\"name\":\"Kolkman Verpakkingen Hedel - Specialist in duurzame rPET verpakkingen\",\"isPartOf\":{\"@id\":\"https:\/\/www.kvh.nl\/#website\"},\"primaryImageOfPage\":{\"@id\":\"https:\/\/www.kvh.nl\/#primaryimage\"},\"image\":{\"@id\":\"https:\/\/www.kvh.nl\/#primaryimage\"},\"thumbnailUrl\":\"https:\/\/www.kvh.nl\/wp-content\/uploads\/2021\/07\/IMG_5901.jpg\",\"datePublished\":\"2020-03-09T08:44:12+00:00\",\"dateModified\":\"2023-08-21T06:46:41+00:00\",\"description\":\"Kolkman Verpakkingen Hedel voorziet al zo'n 40 jaar in hoogwaardige passende verpakkingsoplossingen. Maatwerk is daarin essentieel.\",\"breadcrumb\":{\"@id\":\"https:\/\/www.kvh.nl\/#breadcrumb\"},\"inLanguage\":\"de\",\"potentialAction\":[{\"@type\":\"ReadAction\",\"target\":[\"https:\/\/www.kvh.nl\/\"]}]},{\"@type\":\"ImageObject\",\"inLanguage\":\"de\",\"@id\":\"https:\/\/www.kvh.nl\/#primaryimage\",\"url\":\"https:\/\/www.kvh.nl\/wp-content\/uploads\/2021\/07\/IMG_5901.jpg\",\"contentUrl\":\"https:\/\/www.kvh.nl\/wp-content\/uploads\/2021\/07\/IMG_5901.jpg\",\"width\":2440,\"height\":1373},{\"@type\":\"BreadcrumbList\",\"@id\":\"https:\/\/www.kvh.nl\/#breadcrumb\",\"itemListElement\":[{\"@type\":\"ListItem\",\"position\":1,\"name\":\"Home\",\"item\":\"https:\/\/www.kvh.nl\/\"},{\"@type\":\"ListItem\",\"position\":2,\"name\":\"Home\"}]},{\"@type\":\"WebSite\",\"@id\":\"https:\/\/www.kvh.nl\/#website\",\"url\":\"https:\/\/www.kvh.nl\/\",\"name\":\"Kolkman Verpakkingen Hedel\",\"description\":\"\",\"publisher\":{\"@id\":\"https:\/\/www.kvh.nl\/#organization\"},\"potentialAction\":[{\"@type\":\"SearchAction\",\"target\":{\"@type\":\"EntryPoint\",\"urlTemplate\":\"https:\/\/www.kvh.nl\/?s={search_term_string}\"},\"query-input\":{\"@type\":\"PropertyValueSpecification\",\"valueRequired\":true,\"valueName\":\"search_term_string\"}}],\"inLanguage\":\"de\"},{\"@type\":\"Organization\",\"@id\":\"https:\/\/www.kvh.nl\/#organization\",\"name\":\"Kolkman Verpakkingen Hedel\",\"url\":\"https:\/\/www.kvh.nl\/\",\"logo\":{\"@type\":\"ImageObject\",\"inLanguage\":\"de\",\"@id\":\"https:\/\/www.kvh.nl\/#\/schema\/logo\/image\/\",\"url\":\"https:\/\/www.kvh.nl\/wp-content\/uploads\/2020\/03\/logo-kvh.png\",\"contentUrl\":\"https:\/\/www.kvh.nl\/wp-content\/uploads\/2020\/03\/logo-kvh.png\",\"width\":272,\"height\":80,\"caption\":\"Kolkman Verpakkingen Hedel\"},\"image\":{\"@id\":\"https:\/\/www.kvh.nl\/#\/schema\/logo\/image\/\"}}]}<\/script>\n<!-- \/ Yoast SEO plugin. -->","yoast_head_json":{"title":"Kolkman Verpakkingen Hedel - Specialist in duurzame rPET verpakkingen","description":"Kolkman Verpakkingen Hedel voorziet al zo'n 40 jaar in hoogwaardige passende verpakkingsoplossingen. Maatwerk is daarin essentieel.","robots":{"index":"index","follow":"follow","max-snippet":"max-snippet:-1","max-image-preview":"max-image-preview:large","max-video-preview":"max-video-preview:-1"},"canonical":"https:\/\/www.kvh.nl\/de\/","og_locale":"de_DE","og_type":"article","og_title":"Kolkman Verpakkingen Hedel - Specialist in duurzame rPET verpakkingen","og_description":"Kolkman Verpakkingen Hedel voorziet al zo'n 40 jaar in hoogwaardige passende verpakkingsoplossingen. Maatwerk is daarin essentieel.","og_url":"https:\/\/www.kvh.nl\/de\/","og_site_name":"Kolkman Verpakkingen Hedel","article_modified_time":"2023-08-21T06:46:41+00:00","og_image":[{"width":2440,"height":1373,"url":"https:\/\/www.kvh.nl\/wp-content\/uploads\/2021\/07\/IMG_5901.jpg","type":"image\/jpeg"}],"twitter_card":"summary_large_image","twitter_misc":{"Gesch\u00e4tzte Lesezeit":"1\u00a0Minute"},"schema":{"@context":"https:\/\/schema.org","@graph":[{"@type":"WebPage","@id":"https:\/\/www.kvh.nl\/","url":"https:\/\/www.kvh.nl\/","name":"Kolkman Verpakkingen Hedel - Specialist in duurzame rPET verpakkingen","isPartOf":{"@id":"https:\/\/www.kvh.nl\/#website"},"primaryImageOfPage":{"@id":"https:\/\/www.kvh.nl\/#primaryimage"},"image":{"@id":"https:\/\/www.kvh.nl\/#primaryimage"},"thumbnailUrl":"https:\/\/www.kvh.nl\/wp-content\/uploads\/2021\/07\/IMG_5901.jpg","datePublished":"2020-03-09T08:44:12+00:00","dateModified":"2023-08-21T06:46:41+00:00","description":"Kolkman Verpakkingen Hedel voorziet al zo'n 40 jaar in hoogwaardige passende verpakkingsoplossingen. Maatwerk is daarin essentieel.","breadcrumb":{"@id":"https:\/\/www.kvh.nl\/#breadcrumb"},"inLanguage":"de","potentialAction":[{"@type":"ReadAction","target":["https:\/\/www.kvh.nl\/"]}]},{"@type":"ImageObject","inLanguage":"de","@id":"https:\/\/www.kvh.nl\/#primaryimage","url":"https:\/\/www.kvh.nl\/wp-content\/uploads\/2021\/07\/IMG_5901.jpg","contentUrl":"https:\/\/www.kvh.nl\/wp-content\/uploads\/2021\/07\/IMG_5901.jpg","width":2440,"height":1373},{"@type":"BreadcrumbList","@id":"https:\/\/www.kvh.nl\/#breadcrumb","itemListElement":[{"@type":"ListItem","position":1,"name":"Home","item":"https:\/\/www.kvh.nl\/"},{"@type":"ListItem","position":2,"name":"Home"}]},{"@type":"WebSite","@id":"https:\/\/www.kvh.nl\/#website","url":"https:\/\/www.kvh.nl\/","name":"Kolkman Verpakkingen Hedel","description":"","publisher":{"@id":"https:\/\/www.kvh.nl\/#organization"},"potentialAction":[{"@type":"SearchAction","target":{"@type":"EntryPoint","urlTemplate":"https:\/\/www.kvh.nl\/?s={search_term_string}"},"query-input":{"@type":"PropertyValueSpecification","valueRequired":true,"valueName":"search_term_string"}}],"inLanguage":"de"},{"@type":"Organization","@id":"https:\/\/www.kvh.nl\/#organization","name":"Kolkman Verpakkingen Hedel","url":"https:\/\/www.kvh.nl\/","logo":{"@type":"ImageObject","inLanguage":"de","@id":"https:\/\/www.kvh.nl\/#\/schema\/logo\/image\/","url":"https:\/\/www.kvh.nl\/wp-content\/uploads\/2020\/03\/logo-kvh.png","contentUrl":"https:\/\/www.kvh.nl\/wp-content\/uploads\/2020\/03\/logo-kvh.png","width":272,"height":80,"caption":"Kolkman Verpakkingen Hedel"},"image":{"@id":"https:\/\/www.kvh.nl\/#\/schema\/logo\/image\/"}}]}},"_links":{"self":[{"href":"https:\/\/www.kvh.nl\/de\/wp-json\/wp\/v2\/pages\/15","targetHints":{"allow":["GET"]}}],"collection":[{"href":"https:\/\/www.kvh.nl\/de\/wp-json\/wp\/v2\/pages"}],"about":[{"href":"https:\/\/www.kvh.nl\/de\/wp-json\/wp\/v2\/types\/page"}],"author":[{"embeddable":true,"href":"https:\/\/www.kvh.nl\/de\/wp-json\/wp\/v2\/users\/4"}],"replies":[{"embeddable":true,"href":"https:\/\/www.kvh.nl\/de\/wp-json\/wp\/v2\/comments?post=15"}],"version-history":[{"count":2,"href":"https:\/\/www.kvh.nl\/de\/wp-json\/wp\/v2\/pages\/15\/revisions"}],"predecessor-version":[{"id":717,"href":"https:\/\/www.kvh.nl\/de\/wp-json\/wp\/v2\/pages\/15\/revisions\/717"}],"wp:featuredmedia":[{"embeddable":true,"href":"https:\/\/www.kvh.nl\/de\/wp-json\/wp\/v2\/media\/451"}],"wp:attachment":[{"href":"https:\/\/www.kvh.nl\/de\/wp-json\/wp\/v2\/media?parent=15"}],"curies":[{"name":"wp","href":"https:\/\/api.w.org\/{rel}","templated":true}]}}